{"id":18,"date":"2019-03-21T18:35:25","date_gmt":"2019-03-21T17:35:25","guid":{"rendered":"http:\/\/cornely-engineering.de\/wp\/?page_id=18"},"modified":"2019-03-22T21:46:43","modified_gmt":"2019-03-22T20:46:43","slug":"startseite","status":"publish","type":"page","link":"https:\/\/cornely-engineering.de\/","title":{"rendered":""},"content":{"rendered":"<p>Vor dem Hintergrund der stetig steigenden Einf\u00fchrung von elektronischen Systemen, ist die Funktionale Sicherheit in Symbiose mit innovativem Qualit\u00e4tsdenken ein essentieller Bestandteil jeder Produktentwicklung.<\/p>\n<p><strong>cornely <span style=\"color: #339966;\">ENGINEERING<\/span><\/strong> unterst\u00fctzt und begleitet Sie bei der Umsetzung der normativen Vorschriften.<\/p>\n\n\n<p><\/p>\n","protected":false},"excerpt":{"rendered":"<p>Vor dem Hintergrund der stetig steigenden Einf\u00fchrung von elektronischen Systemen, ist die Funktionale Sicherheit in Symbiose mit innovativem Qualit\u00e4tsdenken ein essentieller Bestandteil jeder Produktentwicklung. cornely ENGINEERING unterst\u00fctzt und begleitet Sie bei der Umsetzung der normativen Vorschriften.<\/p>\n","protected":false},"author":1,"featured_media":0,"parent":0,"menu_order":0,"comment_status":"closed","ping_status":"closed","template":"","meta":{"footnotes":""},"class_list":["post-18","page","type-page","status-publish","hentry"],"_links":{"self":[{"href":"https:\/\/cornely-engineering.de\/index.php?rest_route=\/wp\/v2\/pages\/18","targetHints":{"allow":["GET"]}}],"collection":[{"href":"https:\/\/cornely-engineering.de\/index.php?rest_route=\/wp\/v2\/pages"}],"about":[{"href":"https:\/\/cornely-engineering.de\/index.php?rest_route=\/wp\/v2\/types\/page"}],"author":[{"embeddable":true,"href":"https:\/\/cornely-engineering.de\/index.php?rest_route=\/wp\/v2\/users\/1"}],"replies":[{"embeddable":true,"href":"https:\/\/cornely-engineering.de\/index.php?rest_route=%2Fwp%2Fv2%2Fcomments&post=18"}],"version-history":[{"count":4,"href":"https:\/\/cornely-engineering.de\/index.php?rest_route=\/wp\/v2\/pages\/18\/revisions"}],"predecessor-version":[{"id":126,"href":"https:\/\/cornely-engineering.de\/index.php?rest_route=\/wp\/v2\/pages\/18\/revisions\/126"}],"wp:attachment":[{"href":"https:\/\/cornely-engineering.de\/index.php?rest_route=%2Fwp%2Fv2%2Fmedia&parent=18"}],"curies":[{"name":"wp","href":"https:\/\/api.w.org\/{rel}","templated":true}]}}